{"id":11062,"date":"2017-12-20T12:11:49","date_gmt":"2017-12-20T14:11:49","guid":{"rendered":"http:\/\/info.buonny.com.br\/?page_id=11062"},"modified":"2017-12-20T17:07:56","modified_gmt":"2017-12-20T19:07:56","slug":"sobre","status":"publish","type":"page","link":"https:\/\/info.buonny.com.br\/index.php\/sobre\/","title":{"rendered":"Sobre"},"content":{"rendered":"<p>Este \u00e9 um blog exclusivo dos colaboradores das empresas: Buonny, Lider, Transyseg, Mundolog, RH Health, todosBem e Solen, empresas integrantes do grupo Buonny.<\/p>\n<p>Atrav\u00e9s desta plataforma deixamos nossos colaboradores por dentro de todas as novidades das empresas, incluindo dicas, fotos, eventos futuros, ramais e regras internas.<\/p>\n<p>Tem alguma d\u00favida? Encaminhe para mkt@buonny.com.br<\/p>\n<p>Tem alguma reclama\u00e7\u00e3o ou sugest\u00e3o? Encaminhe para ouvidoria@buonny.com.br<\/p>\n<h3>Juntos somos mais fortes!<\/h3>\n","protected":false},"excerpt":{"rendered":"<p>Este \u00e9 um blog exclusivo dos colaboradores das empresas: Buonny, Lider, Transyseg, Mundolog, RH Health, todosBem e Solen, empresas integrantes do grupo Buonny. Atrav\u00e9s desta plataforma deixamos nossos colaboradores por dentro de todas as novidades das empresas, incluindo dicas, fotos, eventos futuros, ramais e regras internas. Tem alguma d\u00favida? Encaminhe para mkt@buonny.com.br Tem alguma reclama\u00e7\u00e3o &hellip;<\/p>\n","protected":false},"author":1,"featured_media":0,"parent":0,"menu_order":0,"comment_status":"closed","ping_status":"closed","template":"","meta":[],"_links":{"self":[{"href":"https:\/\/info.buonny.com.br\/index.php\/wp-json\/wp\/v2\/pages\/11062"}],"collection":[{"href":"https:\/\/info.buonny.com.br\/index.php\/wp-json\/wp\/v2\/pages"}],"about":[{"href":"https:\/\/info.buonny.com.br\/index.php\/wp-json\/wp\/v2\/types\/page"}],"author":[{"embeddable":true,"href":"https:\/\/info.buonny.com.br\/index.php\/wp-json\/wp\/v2\/users\/1"}],"replies":[{"embeddable":true,"href":"https:\/\/info.buonny.com.br\/index.php\/wp-json\/wp\/v2\/comments?post=11062"}],"version-history":[{"count":3,"href":"https:\/\/info.buonny.com.br\/index.php\/wp-json\/wp\/v2\/pages\/11062\/revisions"}],"predecessor-version":[{"id":11366,"href":"https:\/\/info.buonny.com.br\/index.php\/wp-json\/wp\/v2\/pages\/11062\/revisions\/11366"}],"wp:attachment":[{"href":"https:\/\/info.buonny.com.br\/index.php\/wp-json\/wp\/v2\/media?parent=11062"}],"curies":[{"name":"wp","href":"https:\/\/api.w.org\/{rel}","templated":true}]}}