{"id":5602,"date":"2015-08-21T19:29:02","date_gmt":"2015-08-21T19:29:02","guid":{"rendered":"http:\/\/localhost\/buonnynews\/?page_id=5602"},"modified":"2017-12-20T15:29:42","modified_gmt":"2017-12-20T17:29:42","slug":"contato","status":"publish","type":"page","link":"https:\/\/info.buonny.com.br\/index.php\/portal-compliance__trashed\/contato\/","title":{"rendered":"Fale com o Compliance"},"content":{"rendered":"<p>[vc_row][vc_column][vc_custom_heading text=&#8221;D\u00favidas? Den\u00fancias?<br \/>\nSua identidade ser\u00e1 preservada!&#8221; font_container=&#8221;tag:h2|text_align:center&#8221; google_fonts=&#8221;font_family:Montserrat%3Aregular%2C700|font_style:400%20regular%3A400%3Anormal&#8221;][vc_empty_space][vc_row_inner][vc_column_inner][vc_column_text]<\/p>\n<div style=\"text-align: left;\">\u00a0 \u00a0 \u00a0 \u00a0Para conhecer, tirar d\u00favidas ou resolver qualquer quest\u00e3o referente ao C\u00f3digo de Conduta, a Buonny mant\u00e9m esse canal direto pelo\u00a0<span id=\"DWT903\" class=\"ZmSearchResult\"><span id=\"DWT966\" class=\"ZmSearchResult\">Portal<\/span><\/span>\u00a0que poder\u00e1 ser acessado por todos os colaboradores, mas tamb\u00e9m poder\u00e1 ser feito contato com o Departamento de\u00a0<span id=\"DWT905\" class=\"ZmSearchResult\"><span id=\"DWT968\" class=\"ZmSearchResult\">Compliance<\/span><\/span>\u00a0atrav\u00e9s do <strong>telefone ou e-mail<\/strong>.<\/div>\n<div style=\"text-align: left;\"><\/div>\n<div style=\"text-align: left;\"><\/div>\n<div style=\"text-align: left;\">\u00a0 \u00a0 \u00a0 \u00a0\u00a0\u00c9 certo que em qualquer dos canais utilizados, o\u00a0<span id=\"DWT907\" class=\"ZmSearchResult\"><span id=\"DWT970\" class=\"ZmSearchResult\">Compliance<\/span><\/span>\u00a0<strong>garante a confidencialidade das informa\u00e7\u00f5es, preserva a identidade das pessoas envolvidas e promove um ambiente melhor para todos.<\/strong><\/div>\n<div style=\"text-align: left;\"><em>\u00a0<\/em><\/div>\n<div style=\"text-align: left;\"><span style=\"font-size: 18pt;\"><strong><em>Telefone:\u00a0<span id=\"OBJ_PREFIX_DWT908_com_zimbra_phone\" class=\"Object\">11. 3140-7954<\/span><\/em><\/strong><\/span><\/div>\n<div style=\"text-align: left;\"><span style=\"font-size: 18pt;\"><strong><i>E-mail:\u00a0<span id=\"DWT910\" class=\"ZmSearchResult\"><span id=\"DWT972\" class=\"ZmSearchResult\">compliance<\/span><\/span>@buonny.com.br\u00a0<\/i><\/strong><\/span><\/div>\n<div><\/div>\n<p>[\/vc_column_text][\/vc_column_inner][\/vc_row_inner][vc_column_text]Fa\u00e7a seu relato, <strong>descrevendo fato ou situa\u00e7\u00e3o<\/strong> que o fez entrar em contato, data do fato, nome das pessoas envolvidas e evid\u00eancias documentais, se houver (se desejar, poder\u00e1 incluir nome, e-mail e telefone, que <strong>sua identidade ser\u00e1 preservada)<\/strong>:[\/vc_column_text][\/vc_column][\/vc_row][vc_row][vc_column][vc_column_text]\n<div class=\"wpcf7 no-js\" id=\"wpcf7-f9992-o1\" lang=\"pt-BR\" dir=\"ltr\">\n<div class=\"screen-reader-response\"><p role=\"status\" aria-live=\"polite\" aria-atomic=\"true\"><\/p> <ul><\/ul><\/div>\n<form action=\"\/index.php\/wp-json\/wp\/v2\/pages\/5602#wpcf7-f9992-o1\" method=\"post\" class=\"wpcf7-form init\" aria-label=\"Formul\u00e1rios de contato\" enctype=\"multipart\/form-data\" novalidate=\"novalidate\" data-status=\"init\">\n<div style=\"display: none;\">\n<input type=\"hidden\" name=\"_wpcf7\" value=\"9992\" \/>\n<input type=\"hidden\" name=\"_wpcf7_version\" value=\"5.7.6\" \/>\n<input type=\"hidden\" name=\"_wpcf7_locale\" value=\"pt_BR\" \/>\n<input type=\"hidden\" name=\"_wpcf7_unit_tag\" value=\"wpcf7-f9992-o1\" \/>\n<input type=\"hidden\" name=\"_wpcf7_container_post\" value=\"0\" \/>\n<input type=\"hidden\" name=\"_wpcf7_posted_data_hash\" value=\"\" \/>\n<\/div>\n<p><span class=\"wpcf7-form-control-wrap\" data-name=\"nome\"><input size=\"40\" class=\"wpcf7-form-control wpcf7-text\" aria-invalid=\"false\" placeholder=\"NOME\" value=\"\" type=\"text\" name=\"nome\" \/><\/span><i style=\"font-size:10pt; color:#898989; line-height:0.2;\"><br \/>\nCaso n\u00e3o queira se identificar, deixe este campo em branco.<\/i>\n<\/p>\n<p><span class=\"wpcf7-form-control-wrap\" data-name=\"email-539\"><input size=\"40\" class=\"wpcf7-form-control wpcf7-text wpcf7-email wpcf7-validates-as-email\" aria-invalid=\"false\" placeholder=\"E-MAIL\" value=\"\" type=\"email\" name=\"email-539\" \/><\/span><i style=\"font-size:10pt; color:#898989; line-height:0.2;\"><br \/>\nN\u00e3o haver\u00e1 nenhum canal de contato com voc\u00ea caso deixe este campo em branco.<\/i>\n<\/p>\n<p><span class=\"wpcf7-form-control-wrap\" data-name=\"checkbox-981\"><span class=\"wpcf7-form-control wpcf7-checkbox wpcf7-validates-as-required\"><span class=\"wpcf7-list-item first\"><label><input type=\"checkbox\" name=\"checkbox-981[]\" value=\"D\u00favida\" \/><span class=\"wpcf7-list-item-label\">D\u00favida<\/span><\/label><\/span><span class=\"wpcf7-list-item last\"><label><input type=\"checkbox\" name=\"checkbox-981[]\" value=\"Den\u00fancia\" \/><span class=\"wpcf7-list-item-label\">Den\u00fancia<\/span><\/label><\/span><\/span><\/span>\n<\/p>\n<p>Se precisar, acrescente um arquivo<br \/>\n<span class=\"wpcf7-form-control-wrap\" data-name=\"arquivo\"><input size=\"40\" class=\"wpcf7-form-control wpcf7-file\" accept=\"audio\/*,video\/*,image\/*\" aria-invalid=\"false\" type=\"file\" name=\"arquivo\" \/><\/span>\n<\/p>\n<p>Mensagem:<br \/>\n<span class=\"wpcf7-form-control-wrap\" data-name=\"textarea\"><textarea cols=\"40\" rows=\"10\" class=\"wpcf7-form-control wpcf7-textarea wpcf7-validates-as-required\" aria-required=\"true\" aria-invalid=\"false\" name=\"textarea\"><\/textarea><\/span>\n<\/p>\n<p><input class=\"wpcf7-form-control has-spinner wpcf7-submit\" type=\"submit\" value=\"Enviar\" \/>\n<\/p><p style=\"display: none !important;\"><label>&#916;<textarea name=\"_wpcf7_ak_hp_textarea\" cols=\"45\" rows=\"8\" maxlength=\"100\"><\/textarea><\/label><input type=\"hidden\" id=\"ak_js_1\" name=\"_wpcf7_ak_js\" value=\"242\"\/><script>document.getElementById( \"ak_js_1\" ).setAttribute( \"value\", ( new Date() ).getTime() );<\/script><\/p><div class=\"wpcf7-response-output\" aria-hidden=\"true\"><\/div>\n<\/form>\n<\/div>\n[\/vc_column_text][vc_row_inner][vc_column_inner width=&#8221;1\/2&#8243;][vc_single_image image=&#8221;9975&#8243; img_size=&#8221;200&#215;190&#8243; alignment=&#8221;center&#8221; style=&#8221;vc_box_rounded&#8221; onclick=&#8221;custom_link&#8221; link=&#8221;http:\/\/info.buonny.com.br\/index.php\/portal-compliance\/perguntas\/&#8221;][\/vc_column_inner][vc_column_inner width=&#8221;1\/2&#8243;][vc_single_image image=&#8221;9969&#8243; img_size=&#8221;200&#215;190&#8243; alignment=&#8221;center&#8221; style=&#8221;vc_box_rounded&#8221; onclick=&#8221;custom_link&#8221; link=&#8221;http:\/\/info.buonny.com.br\/index.php\/portal-compliance\/codigo-conduta\/&#8221;][\/vc_column_inner][\/vc_row_inner][\/vc_column][\/vc_row]<\/p>\n","protected":false},"excerpt":{"rendered":"<p>[vc_row][vc_column][vc_custom_heading text=&#8221;D\u00favidas? Den\u00fancias? Sua identidade ser\u00e1 preservada!&#8221; font_container=&#8221;tag:h2|text_align:center&#8221; google_fonts=&#8221;font_family:Montserrat%3Aregular%2C700|font_style:400%20regular%3A400%3Anormal&#8221;][vc_empty_space][vc_row_inner][vc_column_inner][vc_column_text] \u00a0 \u00a0 \u00a0 \u00a0Para conhecer, tirar d\u00favidas ou resolver qualquer quest\u00e3o referente ao C\u00f3digo de Conduta, a Buonny mant\u00e9m esse canal direto pelo\u00a0Portal\u00a0que poder\u00e1 ser acessado por todos os colaboradores, mas tamb\u00e9m poder\u00e1 ser feito contato com o Departamento de\u00a0Compliance\u00a0atrav\u00e9s do telefone ou e-mail. \u00a0 \u00a0 &hellip;<\/p>\n","protected":false},"author":1,"featured_media":0,"parent":9607,"menu_order":3,"comment_status":"open","ping_status":"closed","template":"","meta":[],"_links":{"self":[{"href":"https:\/\/info.buonny.com.br\/index.php\/wp-json\/wp\/v2\/pages\/5602"}],"collection":[{"href":"https:\/\/info.buonny.com.br\/index.php\/wp-json\/wp\/v2\/pages"}],"about":[{"href":"https:\/\/info.buonny.com.br\/index.php\/wp-json\/wp\/v2\/types\/page"}],"author":[{"embeddable":true,"href":"https:\/\/info.buonny.com.br\/index.php\/wp-json\/wp\/v2\/users\/1"}],"replies":[{"embeddable":true,"href":"https:\/\/info.buonny.com.br\/index.php\/wp-json\/wp\/v2\/comments?post=5602"}],"version-history":[{"count":24,"href":"https:\/\/info.buonny.com.br\/index.php\/wp-json\/wp\/v2\/pages\/5602\/revisions"}],"predecessor-version":[{"id":11094,"href":"https:\/\/info.buonny.com.br\/index.php\/wp-json\/wp\/v2\/pages\/5602\/revisions\/11094"}],"up":[{"embeddable":true,"href":"https:\/\/info.buonny.com.br\/index.php\/wp-json\/wp\/v2\/pages\/9607"}],"wp:attachment":[{"href":"https:\/\/info.buonny.com.br\/index.php\/wp-json\/wp\/v2\/media?parent=5602"}],"curies":[{"name":"wp","href":"https:\/\/api.w.org\/{rel}","templated":true}]}}