{"id":9617,"date":"2017-02-24T15:36:26","date_gmt":"2017-02-24T18:36:26","guid":{"rendered":"http:\/\/info.buonny.com.br\/?page_id=9617"},"modified":"2017-12-20T15:20:46","modified_gmt":"2017-12-20T17:20:46","slug":"codigo-conduta","status":"publish","type":"page","link":"https:\/\/info.buonny.com.br\/index.php\/portal-compliance__trashed\/codigo-conduta\/","title":{"rendered":"C\u00f3digo de Conduta"},"content":{"rendered":"<p>[vc_row][vc_column width=&#8221;1\/6&#8243;][\/vc_column][vc_column width=&#8221;2\/3&#8243;][vc_column_text]<\/p>\n<p style=\"text-align: center;\"><span style=\"font-size: 14pt; font-family: verdana, geneva, sans-serif;\"><strong>C\u00f3digo de Conduta<\/strong> \u00e9 um conjunto de declara\u00e7\u00f5es que refletem os <strong>princ\u00edpios e valores<\/strong> nos quais a Buonny baseia suas atividades e decis\u00f5es, sendo tamb\u00e9m um <strong>guia de refer\u00eancia<\/strong> para que todos os colaboradores possam avaliar suas atividades e auxiliar na escolha da melhor linha de conduta.<\/span><\/p>\n<p style=\"text-align: center;\">Leia o modelo digital do c\u00f3digo abaixo:<\/p>\n<p>[\/vc_column_text][\/vc_column][vc_column width=&#8221;1\/6&#8243;][\/vc_column][\/vc_row][vc_row][vc_column][vc_raw_html]JTNDZGl2JTIwZGF0YS1jb25maWdpZCUzRCUyMjMwNjA2MjMwJTJGNTE2OTkzNjklMjIlMjBzdHlsZSUzRCUyMndpZHRoJTNBNzAwcHglM0IlMjBoZWlnaHQlM0E3NTBweCUzQiUyMiUyMGNsYXNzJTNEJTIyaXNzdXVlbWJlZCUyMiUzRSUzQyUyRmRpdiUzRSUwQSUzQ3NjcmlwdCUyMHR5cGUlM0QlMjJ0ZXh0JTJGamF2YXNjcmlwdCUyMiUyMHNyYyUzRCUyMiUyRiUyRmUuaXNzdXUuY29tJTJGZW1iZWQuanMlMjIlMjBhc3luYyUzRCUyMnRydWUlMjIlM0UlM0MlMkZzY3JpcHQlM0U=[\/vc_raw_html][\/vc_column][\/vc_row][vc_row][vc_column width=&#8221;1\/3&#8243;][vc_column_text]<span style=\"font-size: 24pt;\"><strong>D\u00favidas?<br \/>\n<\/strong>Confira se ela est\u00e1 no nosso FAQ.<\/span>[\/vc_column_text][\/vc_column][vc_column width=&#8221;1\/3&#8243;][\/vc_column][vc_column width=&#8221;1\/3&#8243;][vc_single_image image=&#8221;9975&#8243; img_size=&#8221;200&#215;190&#8243; onclick=&#8221;custom_link&#8221; link=&#8221;http:\/\/info.buonny.com.br\/index.php\/portal-compliance\/perguntas\/&#8221;][\/vc_column][\/vc_row][vc_row][vc_column width=&#8221;1\/3&#8243;][vc_column_text]<span style=\"font-size: 24pt;\"><strong>Quer entrar em contato conosco?<\/strong><\/span>[\/vc_column_text][\/vc_column][vc_column width=&#8221;1\/3&#8243;][\/vc_column][vc_column width=&#8221;1\/3&#8243;][vc_single_image image=&#8221;9974&#8243; img_size=&#8221;200&#215;190&#8243; onclick=&#8221;custom_link&#8221; link=&#8221;http:\/\/info.buonny.com.br\/index.php\/portal-compliance\/contato\/&#8221;][\/vc_column][\/vc_row]<\/p>\n","protected":false},"excerpt":{"rendered":"<p>[vc_row][vc_column width=&#8221;1\/6&#8243;][\/vc_column][vc_column width=&#8221;2\/3&#8243;][vc_column_text] C\u00f3digo de Conduta \u00e9 um conjunto de declara\u00e7\u00f5es que refletem os princ\u00edpios e valores nos quais a Buonny baseia suas atividades e decis\u00f5es, sendo tamb\u00e9m um guia de refer\u00eancia para que todos os colaboradores possam avaliar suas atividades e auxiliar na escolha da melhor linha de conduta. Leia o modelo digital do &hellip;<\/p>\n","protected":false},"author":1,"featured_media":0,"parent":9607,"menu_order":0,"comment_status":"closed","ping_status":"closed","template":"","meta":[],"_links":{"self":[{"href":"https:\/\/info.buonny.com.br\/index.php\/wp-json\/wp\/v2\/pages\/9617"}],"collection":[{"href":"https:\/\/info.buonny.com.br\/index.php\/wp-json\/wp\/v2\/pages"}],"about":[{"href":"https:\/\/info.buonny.com.br\/index.php\/wp-json\/wp\/v2\/types\/page"}],"author":[{"embeddable":true,"href":"https:\/\/info.buonny.com.br\/index.php\/wp-json\/wp\/v2\/users\/1"}],"replies":[{"embeddable":true,"href":"https:\/\/info.buonny.com.br\/index.php\/wp-json\/wp\/v2\/comments?post=9617"}],"version-history":[{"count":16,"href":"https:\/\/info.buonny.com.br\/index.php\/wp-json\/wp\/v2\/pages\/9617\/revisions"}],"predecessor-version":[{"id":11088,"href":"https:\/\/info.buonny.com.br\/index.php\/wp-json\/wp\/v2\/pages\/9617\/revisions\/11088"}],"up":[{"embeddable":true,"href":"https:\/\/info.buonny.com.br\/index.php\/wp-json\/wp\/v2\/pages\/9607"}],"wp:attachment":[{"href":"https:\/\/info.buonny.com.br\/index.php\/wp-json\/wp\/v2\/media?parent=9617"}],"curies":[{"name":"wp","href":"https:\/\/api.w.org\/{rel}","templated":true}]}}